{"id":1819,"date":"2024-01-18T11:35:49","date_gmt":"2024-01-18T10:35:49","guid":{"rendered":"https:\/\/youlovecbd.fr\/?post_type=product&#038;p=1819"},"modified":"2024-01-18T11:42:13","modified_gmt":"2024-01-18T10:42:13","slug":"alpina","status":"publish","type":"product","link":"https:\/\/youlovecbd.fr\/index.php\/product\/alpina\/","title":{"rendered":"Alpina"},"content":{"rendered":"","protected":false},"excerpt":{"rendered":"<p>Fleurs Green House<\/p>\n<p><span style=\"color: #000000; font-family: Calibri; font-size: medium;\">Fruit\u00e9. <\/span><span style=\"color: #000000; font-family: Calibri; font-size: medium;\">Elle procure une exp\u00e9rience gustative tr\u00e8s agr\u00e9able, alliant une douceur \u00e9pic\u00e9e \u00e0 des nuances subtiles d&rsquo;agrumes et de fruits.<\/span><\/p>\n","protected":false},"featured_media":0,"template":"","meta":[],"product_cat":[55,65],"product_tag":[],"class_list":{"0":"post-1819","1":"product","2":"type-product","3":"status-publish","5":"product_cat-fleurs","6":"product_cat-fleurs-green-house","8":"first","9":"instock","10":"taxable","11":"shipping-taxable","12":"purchasable","13":"product-type-variable","14":"has-default-attributes"},"_links":{"self":[{"href":"https:\/\/youlovecbd.fr\/index.php\/wp-json\/wp\/v2\/product\/1819","targetHints":{"allow":["GET"]}}],"collection":[{"href":"https:\/\/youlovecbd.fr\/index.php\/wp-json\/wp\/v2\/product"}],"about":[{"href":"https:\/\/youlovecbd.fr\/index.php\/wp-json\/wp\/v2\/types\/product"}],"wp:attachment":[{"href":"https:\/\/youlovecbd.fr\/index.php\/wp-json\/wp\/v2\/media?parent=1819"}],"wp:term":[{"taxonomy":"product_cat","embeddable":true,"href":"https:\/\/youlovecbd.fr\/index.php\/wp-json\/wp\/v2\/product_cat?post=1819"},{"taxonomy":"product_tag","embeddable":true,"href":"https:\/\/youlovecbd.fr\/index.php\/wp-json\/wp\/v2\/product_tag?post=1819"}],"curies":[{"name":"wp","href":"https:\/\/api.w.org\/{rel}","templated":true}]}}