{"id":1808,"date":"2024-01-18T11:04:11","date_gmt":"2024-01-18T10:04:11","guid":{"rendered":"https:\/\/youlovecbd.fr\/?post_type=product&#038;p=1808"},"modified":"2024-01-18T11:41:52","modified_gmt":"2024-01-18T10:41:52","slug":"bubble-gum","status":"publish","type":"product","link":"https:\/\/youlovecbd.fr\/index.php\/product\/bubble-gum\/","title":{"rendered":"Bubble Gum"},"content":{"rendered":"","protected":false},"excerpt":{"rendered":"<p>Fleurs Green House<\/p>\n<p>D\u00e9finie par ses ar\u00f4mes fruit\u00e9s et floraux. Une combinaison de douceur \u00e9voquant le chewing-gum et des notes acidul\u00e9es se d\u00e9gage de son profil fruit\u00e9 et floral.<\/p>\n","protected":false},"featured_media":1812,"template":"","meta":[],"product_cat":[55,65],"product_tag":[],"class_list":{"0":"post-1808","1":"product","2":"type-product","3":"status-publish","4":"has-post-thumbnail","6":"product_cat-fleurs","7":"product_cat-fleurs-green-house","9":"first","10":"instock","11":"taxable","12":"shipping-taxable","13":"purchasable","14":"product-type-variable","15":"has-default-attributes"},"_links":{"self":[{"href":"https:\/\/youlovecbd.fr\/index.php\/wp-json\/wp\/v2\/product\/1808","targetHints":{"allow":["GET"]}}],"collection":[{"href":"https:\/\/youlovecbd.fr\/index.php\/wp-json\/wp\/v2\/product"}],"about":[{"href":"https:\/\/youlovecbd.fr\/index.php\/wp-json\/wp\/v2\/types\/product"}],"wp:featuredmedia":[{"embeddable":true,"href":"https:\/\/youlovecbd.fr\/index.php\/wp-json\/wp\/v2\/media\/1812"}],"wp:attachment":[{"href":"https:\/\/youlovecbd.fr\/index.php\/wp-json\/wp\/v2\/media?parent=1808"}],"wp:term":[{"taxonomy":"product_cat","embeddable":true,"href":"https:\/\/youlovecbd.fr\/index.php\/wp-json\/wp\/v2\/product_cat?post=1808"},{"taxonomy":"product_tag","embeddable":true,"href":"https:\/\/youlovecbd.fr\/index.php\/wp-json\/wp\/v2\/product_tag?post=1808"}],"curies":[{"name":"wp","href":"https:\/\/api.w.org\/{rel}","templated":true}]}}